{"id":20529,"date":"2025-12-05T17:41:52","date_gmt":"2025-12-05T15:41:52","guid":{"rendered":"https:\/\/anka.ba\/?post_type=product&#038;p=20529"},"modified":"2026-02-27T14:35:29","modified_gmt":"2026-02-27T13:35:29","slug":"okvir-blenda-za-peugeot-5008-crni-pe18","status":"publish","type":"product","link":"https:\/\/anka.ba\/proizvod\/okvir-blenda-za-peugeot-5008-crni-pe18\/","title":{"rendered":"Okvir-blenda za PEUGEOT 5008 CRNI \u2013 PE18"},"content":{"rendered":"<p><strong>Okvir-blenda za PEUGEOT 5008 \u2013 PE18<\/strong> omogu\u0107ava ugradnju univerzalne 9inch Android multimedije i uredno se uklapa u izgled komandne table vozila.<\/p>\n<div class=\"\">\n<ul>\n<li><strong>Kompatibilnost:<\/strong> Peugeot 5008 \u2013 odgovara modelima prve generacije<\/li>\n<li><strong>Materijal:<\/strong> Kvalitetna i izdr\u017eljiva ABS plastika izra\u0111ena da prati fabri\u010dku teksturu enterijera<\/li>\n<li><strong>Dimenzije:<\/strong> Podr\u017eava univerzalne Android multimedijalne ure\u0111aje od 9 inch<\/li>\n<li><strong>Dizajn:<\/strong> Precizno oblikovan okvir-blenda koji se idealno uklapa na mjesto originalnog ure\u0111aja<\/li>\n<li><strong>Instalacija:<\/strong> Jednostavna ugradnja bez potrebe za trajnim prepravkama<\/li>\n<li><strong>Prakti\u010dnost:<\/strong> Omogu\u0107ava stabilno i sigurno montiranje multimedije uz estetsko unapre\u0111enje enterijera<\/li>\n<\/ul>\n<\/div>\n<p>&nbsp;<\/p>\n","protected":false},"excerpt":{"rendered":"<p>Okvir-blenda za PEUGEOT 5008 \u2013 PE18 omogu\u0107ava ugradnju univerzalne 9inch Android multimedije i uredno se uklapa u izgled komandne table vozila.<\/p>\n","protected":false},"featured_media":20530,"comment_status":"closed","ping_status":"closed","template":"","meta":{"rs_blank_template":"","rs_page_bg_color":"","slide_template_v7":""},"product_brand":[],"product_cat":[290,1076],"product_tag":[],"class_list":{"0":"post-20529","1":"product","2":"type-product","3":"status-publish","4":"has-post-thumbnail","6":"product_cat-auto-oprema","7":"product_cat-multimedija","9":"first","10":"instock","11":"shipping-taxable","12":"purchasable","13":"product-type-simple"},"yoast_head":"<!-- This site is optimized with the Yoast SEO Premium plugin v27.3 (Yoast SEO v27.4) - https:\/\/yoast.com\/product\/yoast-seo-premium-wordpress\/ -->\n<title>Okvir-blenda za PEUGEOT 5008 CRNI \u2013 PE18 - Online shop elektronika, mobilna i gaming oprema BiH<\/title>\n<meta name=\"robots\" content=\"index, follow, max-snippet:-1, max-image-preview:large, max-video-preview:-1\" \/>\n<link rel=\"canonical\" href=\"https:\/\/anka.ba\/proizvod\/okvir-blenda-za-peugeot-5008-crni-pe18\/\" \/>\n<meta property=\"og:locale\" content=\"bs_BA\" \/>\n<meta property=\"og:type\" content=\"article\" \/>\n<meta property=\"og:title\" content=\"Okvir-blenda za PEUGEOT 5008 CRNI \u2013 PE18\" \/>\n<meta property=\"og:description\" content=\"Okvir-blenda za PEUGEOT 5008 \u2013 PE18 omogu\u0107ava ugradnju univerzalne 9inch Android multimedije i uredno se uklapa u izgled komandne table vozila.\" \/>\n<meta property=\"og:url\" content=\"https:\/\/anka.ba\/proizvod\/okvir-blenda-za-peugeot-5008-crni-pe18\/\" \/>\n<meta property=\"og:site_name\" content=\"Online shop elektronika, mobilna i gaming oprema BiH\" \/>\n<meta property=\"article:publisher\" content=\"https:\/\/www.facebook.com\/platoon.ba\" \/>\n<meta property=\"article:modified_time\" content=\"2026-02-27T13:35:29+00:00\" \/>\n<meta property=\"og:image\" content=\"https:\/\/anka.ba\/wp-content\/uploads\/2025\/12\/okvir-blenda-za-peugeot-5008-crni-pe18.jpg\" \/>\n\t<meta property=\"og:image:width\" content=\"800\" \/>\n\t<meta property=\"og:image:height\" content=\"800\" \/>\n\t<meta property=\"og:image:type\" content=\"image\/jpeg\" \/>\n<meta name=\"twitter:card\" content=\"summary_large_image\" \/>\n<meta name=\"twitter:label1\" content=\"Price\" \/>\n\t<meta name=\"twitter:data1\" content=\"70,00&nbsp;KM\" \/>\n\t<meta name=\"twitter:label2\" content=\"Availability\" \/>\n\t<meta name=\"twitter:data2\" content=\"In stock\" \/>\n<script type=\"application\/ld+json\" class=\"yoast-schema-graph\">{\"@context\":\"https:\\\/\\\/schema.org\",\"@graph\":[{\"@type\":\"WebPage\",\"@id\":\"https:\\\/\\\/anka.ba\\\/proizvod\\\/okvir-blenda-za-peugeot-5008-crni-pe18\\\/\",\"url\":\"https:\\\/\\\/anka.ba\\\/proizvod\\\/okvir-blenda-za-peugeot-5008-crni-pe18\\\/\",\"name\":\"Okvir-blenda za PEUGEOT 5008 CRNI \u2013 PE18 - Online shop elektronika, mobilna i gaming oprema BiH\",\"isPartOf\":{\"@id\":\"https:\\\/\\\/anka.ba\\\/#website\"},\"primaryImageOfPage\":{\"@id\":\"https:\\\/\\\/anka.ba\\\/proizvod\\\/okvir-blenda-za-peugeot-5008-crni-pe18\\\/#primaryimage\"},\"image\":{\"@id\":\"https:\\\/\\\/anka.ba\\\/proizvod\\\/okvir-blenda-za-peugeot-5008-crni-pe18\\\/#primaryimage\"},\"thumbnailUrl\":\"https:\\\/\\\/anka.ba\\\/wp-content\\\/uploads\\\/2025\\\/12\\\/okvir-blenda-za-peugeot-5008-crni-pe18.jpg\",\"datePublished\":\"2025-12-05T15:41:52+00:00\",\"dateModified\":\"2026-02-27T13:35:29+00:00\",\"breadcrumb\":{\"@id\":\"https:\\\/\\\/anka.ba\\\/proizvod\\\/okvir-blenda-za-peugeot-5008-crni-pe18\\\/#breadcrumb\"},\"inLanguage\":\"bs-BA\",\"potentialAction\":[{\"@type\":\"ReadAction\",\"target\":[\"https:\\\/\\\/anka.ba\\\/proizvod\\\/okvir-blenda-za-peugeot-5008-crni-pe18\\\/\"]}]},{\"@type\":\"ImageObject\",\"inLanguage\":\"bs-BA\",\"@id\":\"https:\\\/\\\/anka.ba\\\/proizvod\\\/okvir-blenda-za-peugeot-5008-crni-pe18\\\/#primaryimage\",\"url\":\"https:\\\/\\\/anka.ba\\\/wp-content\\\/uploads\\\/2025\\\/12\\\/okvir-blenda-za-peugeot-5008-crni-pe18.jpg\",\"contentUrl\":\"https:\\\/\\\/anka.ba\\\/wp-content\\\/uploads\\\/2025\\\/12\\\/okvir-blenda-za-peugeot-5008-crni-pe18.jpg\",\"width\":800,\"height\":800},{\"@type\":\"BreadcrumbList\",\"@id\":\"https:\\\/\\\/anka.ba\\\/proizvod\\\/okvir-blenda-za-peugeot-5008-crni-pe18\\\/#breadcrumb\",\"itemListElement\":[{\"@type\":\"ListItem\",\"position\":1,\"name\":\"Home\",\"item\":\"https:\\\/\\\/anka.ba\\\/\"},{\"@type\":\"ListItem\",\"position\":2,\"name\":\"Shop\",\"item\":\"https:\\\/\\\/anka.ba\\\/shop\\\/\"},{\"@type\":\"ListItem\",\"position\":3,\"name\":\"Okvir-blenda za PEUGEOT 5008 CRNI \u2013 PE18\"}]},{\"@type\":\"WebSite\",\"@id\":\"https:\\\/\\\/anka.ba\\\/#website\",\"url\":\"https:\\\/\\\/anka.ba\\\/\",\"name\":\"Online shop elektronika, mobilna i gaming oprema BiH\",\"description\":\"Va\u0161a online trgovina elektronikom i gadgetima\",\"publisher\":{\"@id\":\"https:\\\/\\\/anka.ba\\\/#organization\"},\"potentialAction\":[{\"@type\":\"SearchAction\",\"target\":{\"@type\":\"EntryPoint\",\"urlTemplate\":\"https:\\\/\\\/anka.ba\\\/?s={search_term_string}\"},\"query-input\":{\"@type\":\"PropertyValueSpecification\",\"valueRequired\":true,\"valueName\":\"search_term_string\"}}],\"inLanguage\":\"bs-BA\"},{\"@type\":\"Organization\",\"@id\":\"https:\\\/\\\/anka.ba\\\/#organization\",\"name\":\"Online shop elektronika, mobilna i gaming oprema BiH\",\"url\":\"https:\\\/\\\/anka.ba\\\/\",\"logo\":{\"@type\":\"ImageObject\",\"inLanguage\":\"bs-BA\",\"@id\":\"https:\\\/\\\/anka.ba\\\/#\\\/schema\\\/logo\\\/image\\\/\",\"url\":\"https:\\\/\\\/anka.ba\\\/wp-content\\\/uploads\\\/2026\\\/04\\\/BANNER-MOB-5.jpg\",\"contentUrl\":\"https:\\\/\\\/anka.ba\\\/wp-content\\\/uploads\\\/2026\\\/04\\\/BANNER-MOB-5.jpg\",\"width\":760,\"height\":420,\"caption\":\"Online shop elektronika, mobilna i gaming oprema BiH\"},\"image\":{\"@id\":\"https:\\\/\\\/anka.ba\\\/#\\\/schema\\\/logo\\\/image\\\/\"},\"sameAs\":[\"https:\\\/\\\/www.facebook.com\\\/platoon.ba\"]}]}<\/script>\n<meta property=\"product:price:amount\" content=\"70.00\" \/>\n<meta property=\"product:price:currency\" content=\"BAM\" \/>\n<meta property=\"og:availability\" content=\"instock\" \/>\n<meta property=\"product:availability\" content=\"instock\" \/>\n<meta property=\"product:retailer_item_id\" content=\"142625\" \/>\n<meta property=\"product:condition\" content=\"new\" \/>\n<!-- \/ Yoast SEO Premium plugin. -->","yoast_head_json":{"title":"Okvir-blenda za PEUGEOT 5008 CRNI \u2013 PE18 - Online shop elektronika, mobilna i gaming oprema BiH","robots":{"index":"index","follow":"follow","max-snippet":"max-snippet:-1","max-image-preview":"max-image-preview:large","max-video-preview":"max-video-preview:-1"},"canonical":"https:\/\/anka.ba\/proizvod\/okvir-blenda-za-peugeot-5008-crni-pe18\/","og_locale":"bs_BA","og_type":"article","og_title":"Okvir-blenda za PEUGEOT 5008 CRNI \u2013 PE18","og_description":"Okvir-blenda za PEUGEOT 5008 \u2013 PE18 omogu\u0107ava ugradnju univerzalne 9inch Android multimedije i uredno se uklapa u izgled komandne table vozila.","og_url":"https:\/\/anka.ba\/proizvod\/okvir-blenda-za-peugeot-5008-crni-pe18\/","og_site_name":"Online shop elektronika, mobilna i gaming oprema BiH","article_publisher":"https:\/\/www.facebook.com\/platoon.ba","article_modified_time":"2026-02-27T13:35:29+00:00","og_image":[{"width":800,"height":800,"url":"https:\/\/anka.ba\/wp-content\/uploads\/2025\/12\/okvir-blenda-za-peugeot-5008-crni-pe18.jpg","type":"image\/jpeg"}],"twitter_card":"summary_large_image","twitter_misc":{"Price":"70,00&nbsp;KM","Availability":"In stock"},"schema":{"@context":"https:\/\/schema.org","@graph":[{"@type":"WebPage","@id":"https:\/\/anka.ba\/proizvod\/okvir-blenda-za-peugeot-5008-crni-pe18\/","url":"https:\/\/anka.ba\/proizvod\/okvir-blenda-za-peugeot-5008-crni-pe18\/","name":"Okvir-blenda za PEUGEOT 5008 CRNI \u2013 PE18 - Online shop elektronika, mobilna i gaming oprema BiH","isPartOf":{"@id":"https:\/\/anka.ba\/#website"},"primaryImageOfPage":{"@id":"https:\/\/anka.ba\/proizvod\/okvir-blenda-za-peugeot-5008-crni-pe18\/#primaryimage"},"image":{"@id":"https:\/\/anka.ba\/proizvod\/okvir-blenda-za-peugeot-5008-crni-pe18\/#primaryimage"},"thumbnailUrl":"https:\/\/anka.ba\/wp-content\/uploads\/2025\/12\/okvir-blenda-za-peugeot-5008-crni-pe18.jpg","datePublished":"2025-12-05T15:41:52+00:00","dateModified":"2026-02-27T13:35:29+00:00","breadcrumb":{"@id":"https:\/\/anka.ba\/proizvod\/okvir-blenda-za-peugeot-5008-crni-pe18\/#breadcrumb"},"inLanguage":"bs-BA","potentialAction":[{"@type":"ReadAction","target":["https:\/\/anka.ba\/proizvod\/okvir-blenda-za-peugeot-5008-crni-pe18\/"]}]},{"@type":"ImageObject","inLanguage":"bs-BA","@id":"https:\/\/anka.ba\/proizvod\/okvir-blenda-za-peugeot-5008-crni-pe18\/#primaryimage","url":"https:\/\/anka.ba\/wp-content\/uploads\/2025\/12\/okvir-blenda-za-peugeot-5008-crni-pe18.jpg","contentUrl":"https:\/\/anka.ba\/wp-content\/uploads\/2025\/12\/okvir-blenda-za-peugeot-5008-crni-pe18.jpg","width":800,"height":800},{"@type":"BreadcrumbList","@id":"https:\/\/anka.ba\/proizvod\/okvir-blenda-za-peugeot-5008-crni-pe18\/#breadcrumb","itemListElement":[{"@type":"ListItem","position":1,"name":"Home","item":"https:\/\/anka.ba\/"},{"@type":"ListItem","position":2,"name":"Shop","item":"https:\/\/anka.ba\/shop\/"},{"@type":"ListItem","position":3,"name":"Okvir-blenda za PEUGEOT 5008 CRNI \u2013 PE18"}]},{"@type":"WebSite","@id":"https:\/\/anka.ba\/#website","url":"https:\/\/anka.ba\/","name":"Online shop elektronika, mobilna i gaming oprema BiH","description":"Va\u0161a online trgovina elektronikom i gadgetima","publisher":{"@id":"https:\/\/anka.ba\/#organization"},"potentialAction":[{"@type":"SearchAction","target":{"@type":"EntryPoint","urlTemplate":"https:\/\/anka.ba\/?s={search_term_string}"},"query-input":{"@type":"PropertyValueSpecification","valueRequired":true,"valueName":"search_term_string"}}],"inLanguage":"bs-BA"},{"@type":"Organization","@id":"https:\/\/anka.ba\/#organization","name":"Online shop elektronika, mobilna i gaming oprema BiH","url":"https:\/\/anka.ba\/","logo":{"@type":"ImageObject","inLanguage":"bs-BA","@id":"https:\/\/anka.ba\/#\/schema\/logo\/image\/","url":"https:\/\/anka.ba\/wp-content\/uploads\/2026\/04\/BANNER-MOB-5.jpg","contentUrl":"https:\/\/anka.ba\/wp-content\/uploads\/2026\/04\/BANNER-MOB-5.jpg","width":760,"height":420,"caption":"Online shop elektronika, mobilna i gaming oprema BiH"},"image":{"@id":"https:\/\/anka.ba\/#\/schema\/logo\/image\/"},"sameAs":["https:\/\/www.facebook.com\/platoon.ba"]}]},"product_price_amount":"70.00","product_price_currency":"BAM","og_availability":"instock","product_availability":"instock","product_retailer_item_id":"142625","product_condition":"new"},"_links":{"self":[{"href":"https:\/\/anka.ba\/wp-json\/wp\/v2\/product\/20529","targetHints":{"allow":["GET"]}}],"collection":[{"href":"https:\/\/anka.ba\/wp-json\/wp\/v2\/product"}],"about":[{"href":"https:\/\/anka.ba\/wp-json\/wp\/v2\/types\/product"}],"replies":[{"embeddable":true,"href":"https:\/\/anka.ba\/wp-json\/wp\/v2\/comments?post=20529"}],"version-history":[{"count":0,"href":"https:\/\/anka.ba\/wp-json\/wp\/v2\/product\/20529\/revisions"}],"wp:featuredmedia":[{"embeddable":true,"href":"https:\/\/anka.ba\/wp-json\/wp\/v2\/media\/20530"}],"wp:attachment":[{"href":"https:\/\/anka.ba\/wp-json\/wp\/v2\/media?parent=20529"}],"wp:term":[{"taxonomy":"product_brand","embeddable":true,"href":"https:\/\/anka.ba\/wp-json\/wp\/v2\/product_brand?post=20529"},{"taxonomy":"product_cat","embeddable":true,"href":"https:\/\/anka.ba\/wp-json\/wp\/v2\/product_cat?post=20529"},{"taxonomy":"product_tag","embeddable":true,"href":"https:\/\/anka.ba\/wp-json\/wp\/v2\/product_tag?post=20529"}],"curies":[{"name":"wp","href":"https:\/\/api.w.org\/{rel}","templated":true}]}}