{"id":1417,"date":"2025-07-15T16:42:20","date_gmt":"2025-07-15T16:42:20","guid":{"rendered":"https:\/\/anka.ba\/?post_type=product&#038;p=1417"},"modified":"2026-03-22T00:00:41","modified_gmt":"2026-03-21T23:00:41","slug":"airpods-f10-pink","status":"publish","type":"product","link":"https:\/\/anka.ba\/proizvod\/airpods-f10-pink\/","title":{"rendered":"AIRPODS F10 PINK"},"content":{"rendered":"<p><strong>Airpods F10<\/strong><\/p>\n<p><strong>Minimalisti\u010dki dizajn sa kvadratnim i okruglim linijama<\/strong><br \/>\nAirpods F10 impresionira svojim minimalisti\u010dkim dizajnom. Prozirno ku\u0107i\u0161te slu\u0161alica i sklad kvadratnih i okruglih linija<br \/>\npru\u017eaju osje\u0107aj elegancije i vrhunske kvalitete.<\/p>\n<p><strong>Mo\u0107an zvuk<\/strong><br \/>\nSna\u017ena 13 mm dijafragmatska jedinica donosi bogatstvo i detalje u glazbi.<br \/>\nBalansirane niske, srednje i visoke frekvencije omogu\u0107uju izvrsno iskustvo slu\u0161anja, idealno za ljubitelje muzike.<\/p>\n<p><strong>Napredna Bluetooth 5.2 tehnologija<\/strong><br \/>\nZahvaljuju\u0107i Bluetooth 5.2 modulu, Airpods F10 nudi stabilan i brz prijenos s minimalnim smetnjama.<br \/>\nTehnologija tako\u0111er osigurava smanjenu potro\u0161nju energije i pouzdanu povezanost.<\/p>\n<p><strong>Udobnost i sigurnost pri no\u0161enju<\/strong><br \/>\nPolovi\u010dno u\u0161no postavljanje i sportsko uklapanje osiguravaju cjelodnevnu udobnost bez pritiska i bola.<br \/>\nDizajn sprje\u010dava ispadanje slu\u0161alica, \u010dak i tokom intenzivnih aktivnosti.<\/p>\n<p><strong>\u0160iroka kompatibilnost<\/strong><br \/>\nAirpods F10 podr\u017eava povezivanje s razli\u010ditim ure\u0111ajima, uklju\u010duju\u0107i mobilne telefone, tablete i prijenosna ra\u010dunala.<br \/>\nBrzo i lako se povezuje s iOS i Android ure\u0111ajima putem Bluetooth-a.<\/p>\n<p><strong>Prakti\u010dno Type-C punjenje<\/strong><br \/>\nSlu\u0161alice koriste Type-C su\u010delje za brzo i prakti\u010dno punjenje.<br \/>\nZahvaljuju\u0107i stabilnim performansama i dvostranom priklju\u010divanju, mo\u017eete zaboraviti na nepravilno povezivanje.<\/p>\n<p><strong>Jednostavno uparivanje i kori\u0161tenje<\/strong><br \/>\nAirpods F10 omogu\u0107uje jednostavno uparivanje. Prvi put ih pove\u017eite s telefonom,<br \/>\na zatim nakon svakog otvaranja kutije za punjenje slu\u0161alice automatski postaju spremne za upotrebu.<\/p>\n","protected":false},"excerpt":{"rendered":"<p>Airpods F10 Minimalisti\u010dki dizajn sa kvadratnim i okruglim linijama Airpods F10 impresionira svojim minimalisti\u010dkim dizajnom. Prozirno ku\u0107i\u0161te slu\u0161alica i sklad<\/p>\n","protected":false},"featured_media":1449,"comment_status":"open","ping_status":"closed","template":"","meta":{"rs_blank_template":"","rs_page_bg_color":"","slide_template_v7":""},"product_brand":[107],"product_cat":[86,85],"product_tag":[88],"class_list":{"0":"post-1417","1":"product","2":"type-product","3":"status-publish","4":"has-post-thumbnail","6":"product_brand-platoon","7":"product_cat-bluetooth-slusalice","8":"product_cat-bluetooth-uredaji","9":"product_tag-f10","11":"first","12":"instock","13":"purchasable","14":"product-type-simple"},"yoast_head":"<!-- This site is optimized with the Yoast SEO Premium plugin v27.3 (Yoast SEO v27.4) - https:\/\/yoast.com\/product\/yoast-seo-premium-wordpress\/ -->\n<title>AIRPODS F10 PINK - Online shop elektronika, mobilna i gaming oprema BiH<\/title>\n<meta name=\"robots\" content=\"index, follow, max-snippet:-1, max-image-preview:large, max-video-preview:-1\" \/>\n<link rel=\"canonical\" href=\"https:\/\/anka.ba\/proizvod\/airpods-f10-pink\/\" \/>\n<meta property=\"og:locale\" content=\"bs_BA\" \/>\n<meta property=\"og:type\" content=\"article\" \/>\n<meta property=\"og:title\" content=\"AIRPODS F10 PINK\" \/>\n<meta property=\"og:description\" content=\"Airpods F10 Minimalisti\u010dki dizajn sa kvadratnim i okruglim linijama Airpods F10 impresionira svojim minimalisti\u010dkim dizajnom. Prozirno ku\u0107i\u0161te slu\u0161alica i sklad\" \/>\n<meta property=\"og:url\" content=\"https:\/\/anka.ba\/proizvod\/airpods-f10-pink\/\" \/>\n<meta property=\"og:site_name\" content=\"Online shop elektronika, mobilna i gaming oprema BiH\" \/>\n<meta property=\"article:publisher\" content=\"https:\/\/www.facebook.com\/platoon.ba\" \/>\n<meta property=\"article:modified_time\" content=\"2026-03-21T23:00:41+00:00\" \/>\n<meta property=\"og:image\" content=\"https:\/\/anka.ba\/wp-content\/uploads\/2025\/07\/136313-0.jpeg\" \/>\n\t<meta property=\"og:image:width\" content=\"900\" \/>\n\t<meta property=\"og:image:height\" content=\"900\" \/>\n\t<meta property=\"og:image:type\" content=\"image\/jpeg\" \/>\n<meta name=\"twitter:card\" content=\"summary_large_image\" \/>\n<meta name=\"twitter:label1\" content=\"Price\" \/>\n\t<meta name=\"twitter:data1\" content=\"39,00&nbsp;KM\" \/>\n\t<meta name=\"twitter:label2\" content=\"Availability\" \/>\n\t<meta name=\"twitter:data2\" content=\"In stock\" \/>\n<script type=\"application\/ld+json\" class=\"yoast-schema-graph\">{\"@context\":\"https:\\\/\\\/schema.org\",\"@graph\":[{\"@type\":\"WebPage\",\"@id\":\"https:\\\/\\\/anka.ba\\\/proizvod\\\/airpods-f10-pink\\\/\",\"url\":\"https:\\\/\\\/anka.ba\\\/proizvod\\\/airpods-f10-pink\\\/\",\"name\":\"AIRPODS F10 PINK - Online shop elektronika, mobilna i gaming oprema BiH\",\"isPartOf\":{\"@id\":\"https:\\\/\\\/anka.ba\\\/#website\"},\"primaryImageOfPage\":{\"@id\":\"https:\\\/\\\/anka.ba\\\/proizvod\\\/airpods-f10-pink\\\/#primaryimage\"},\"image\":{\"@id\":\"https:\\\/\\\/anka.ba\\\/proizvod\\\/airpods-f10-pink\\\/#primaryimage\"},\"thumbnailUrl\":\"https:\\\/\\\/anka.ba\\\/wp-content\\\/uploads\\\/2025\\\/07\\\/136313-0.jpeg\",\"datePublished\":\"2025-07-15T16:42:20+00:00\",\"dateModified\":\"2026-03-21T23:00:41+00:00\",\"breadcrumb\":{\"@id\":\"https:\\\/\\\/anka.ba\\\/proizvod\\\/airpods-f10-pink\\\/#breadcrumb\"},\"inLanguage\":\"bs-BA\",\"potentialAction\":[{\"@type\":\"ReadAction\",\"target\":[\"https:\\\/\\\/anka.ba\\\/proizvod\\\/airpods-f10-pink\\\/\"]}]},{\"@type\":\"ImageObject\",\"inLanguage\":\"bs-BA\",\"@id\":\"https:\\\/\\\/anka.ba\\\/proizvod\\\/airpods-f10-pink\\\/#primaryimage\",\"url\":\"https:\\\/\\\/anka.ba\\\/wp-content\\\/uploads\\\/2025\\\/07\\\/136313-0.jpeg\",\"contentUrl\":\"https:\\\/\\\/anka.ba\\\/wp-content\\\/uploads\\\/2025\\\/07\\\/136313-0.jpeg\",\"width\":900,\"height\":900},{\"@type\":\"BreadcrumbList\",\"@id\":\"https:\\\/\\\/anka.ba\\\/proizvod\\\/airpods-f10-pink\\\/#breadcrumb\",\"itemListElement\":[{\"@type\":\"ListItem\",\"position\":1,\"name\":\"Home\",\"item\":\"https:\\\/\\\/anka.ba\\\/\"},{\"@type\":\"ListItem\",\"position\":2,\"name\":\"Shop\",\"item\":\"https:\\\/\\\/anka.ba\\\/shop\\\/\"},{\"@type\":\"ListItem\",\"position\":3,\"name\":\"AIRPODS F10 PINK\"}]},{\"@type\":\"WebSite\",\"@id\":\"https:\\\/\\\/anka.ba\\\/#website\",\"url\":\"https:\\\/\\\/anka.ba\\\/\",\"name\":\"Online shop elektronika, mobilna i gaming oprema BiH\",\"description\":\"Va\u0161a online trgovina elektronikom i gadgetima\",\"publisher\":{\"@id\":\"https:\\\/\\\/anka.ba\\\/#organization\"},\"potentialAction\":[{\"@type\":\"SearchAction\",\"target\":{\"@type\":\"EntryPoint\",\"urlTemplate\":\"https:\\\/\\\/anka.ba\\\/?s={search_term_string}\"},\"query-input\":{\"@type\":\"PropertyValueSpecification\",\"valueRequired\":true,\"valueName\":\"search_term_string\"}}],\"inLanguage\":\"bs-BA\"},{\"@type\":\"Organization\",\"@id\":\"https:\\\/\\\/anka.ba\\\/#organization\",\"name\":\"Online shop elektronika, mobilna i gaming oprema BiH\",\"url\":\"https:\\\/\\\/anka.ba\\\/\",\"logo\":{\"@type\":\"ImageObject\",\"inLanguage\":\"bs-BA\",\"@id\":\"https:\\\/\\\/anka.ba\\\/#\\\/schema\\\/logo\\\/image\\\/\",\"url\":\"https:\\\/\\\/anka.ba\\\/wp-content\\\/uploads\\\/2026\\\/04\\\/BANNER-MOB-5.jpg\",\"contentUrl\":\"https:\\\/\\\/anka.ba\\\/wp-content\\\/uploads\\\/2026\\\/04\\\/BANNER-MOB-5.jpg\",\"width\":760,\"height\":420,\"caption\":\"Online shop elektronika, mobilna i gaming oprema BiH\"},\"image\":{\"@id\":\"https:\\\/\\\/anka.ba\\\/#\\\/schema\\\/logo\\\/image\\\/\"},\"sameAs\":[\"https:\\\/\\\/www.facebook.com\\\/platoon.ba\"]}]}<\/script>\n<meta property=\"product:price:amount\" content=\"39.00\" \/>\n<meta property=\"product:price:currency\" content=\"BAM\" \/>\n<meta property=\"og:availability\" content=\"instock\" \/>\n<meta property=\"product:availability\" content=\"instock\" \/>\n<meta property=\"product:retailer_item_id\" content=\"136313\" \/>\n<meta property=\"product:condition\" content=\"new\" \/>\n<!-- \/ Yoast SEO Premium plugin. -->","yoast_head_json":{"title":"AIRPODS F10 PINK - Online shop elektronika, mobilna i gaming oprema BiH","robots":{"index":"index","follow":"follow","max-snippet":"max-snippet:-1","max-image-preview":"max-image-preview:large","max-video-preview":"max-video-preview:-1"},"canonical":"https:\/\/anka.ba\/proizvod\/airpods-f10-pink\/","og_locale":"bs_BA","og_type":"article","og_title":"AIRPODS F10 PINK","og_description":"Airpods F10 Minimalisti\u010dki dizajn sa kvadratnim i okruglim linijama Airpods F10 impresionira svojim minimalisti\u010dkim dizajnom. Prozirno ku\u0107i\u0161te slu\u0161alica i sklad","og_url":"https:\/\/anka.ba\/proizvod\/airpods-f10-pink\/","og_site_name":"Online shop elektronika, mobilna i gaming oprema BiH","article_publisher":"https:\/\/www.facebook.com\/platoon.ba","article_modified_time":"2026-03-21T23:00:41+00:00","og_image":[{"width":900,"height":900,"url":"https:\/\/anka.ba\/wp-content\/uploads\/2025\/07\/136313-0.jpeg","type":"image\/jpeg"}],"twitter_card":"summary_large_image","twitter_misc":{"Price":"39,00&nbsp;KM","Availability":"In stock"},"schema":{"@context":"https:\/\/schema.org","@graph":[{"@type":"WebPage","@id":"https:\/\/anka.ba\/proizvod\/airpods-f10-pink\/","url":"https:\/\/anka.ba\/proizvod\/airpods-f10-pink\/","name":"AIRPODS F10 PINK - Online shop elektronika, mobilna i gaming oprema BiH","isPartOf":{"@id":"https:\/\/anka.ba\/#website"},"primaryImageOfPage":{"@id":"https:\/\/anka.ba\/proizvod\/airpods-f10-pink\/#primaryimage"},"image":{"@id":"https:\/\/anka.ba\/proizvod\/airpods-f10-pink\/#primaryimage"},"thumbnailUrl":"https:\/\/anka.ba\/wp-content\/uploads\/2025\/07\/136313-0.jpeg","datePublished":"2025-07-15T16:42:20+00:00","dateModified":"2026-03-21T23:00:41+00:00","breadcrumb":{"@id":"https:\/\/anka.ba\/proizvod\/airpods-f10-pink\/#breadcrumb"},"inLanguage":"bs-BA","potentialAction":[{"@type":"ReadAction","target":["https:\/\/anka.ba\/proizvod\/airpods-f10-pink\/"]}]},{"@type":"ImageObject","inLanguage":"bs-BA","@id":"https:\/\/anka.ba\/proizvod\/airpods-f10-pink\/#primaryimage","url":"https:\/\/anka.ba\/wp-content\/uploads\/2025\/07\/136313-0.jpeg","contentUrl":"https:\/\/anka.ba\/wp-content\/uploads\/2025\/07\/136313-0.jpeg","width":900,"height":900},{"@type":"BreadcrumbList","@id":"https:\/\/anka.ba\/proizvod\/airpods-f10-pink\/#breadcrumb","itemListElement":[{"@type":"ListItem","position":1,"name":"Home","item":"https:\/\/anka.ba\/"},{"@type":"ListItem","position":2,"name":"Shop","item":"https:\/\/anka.ba\/shop\/"},{"@type":"ListItem","position":3,"name":"AIRPODS F10 PINK"}]},{"@type":"WebSite","@id":"https:\/\/anka.ba\/#website","url":"https:\/\/anka.ba\/","name":"Online shop elektronika, mobilna i gaming oprema BiH","description":"Va\u0161a online trgovina elektronikom i gadgetima","publisher":{"@id":"https:\/\/anka.ba\/#organization"},"potentialAction":[{"@type":"SearchAction","target":{"@type":"EntryPoint","urlTemplate":"https:\/\/anka.ba\/?s={search_term_string}"},"query-input":{"@type":"PropertyValueSpecification","valueRequired":true,"valueName":"search_term_string"}}],"inLanguage":"bs-BA"},{"@type":"Organization","@id":"https:\/\/anka.ba\/#organization","name":"Online shop elektronika, mobilna i gaming oprema BiH","url":"https:\/\/anka.ba\/","logo":{"@type":"ImageObject","inLanguage":"bs-BA","@id":"https:\/\/anka.ba\/#\/schema\/logo\/image\/","url":"https:\/\/anka.ba\/wp-content\/uploads\/2026\/04\/BANNER-MOB-5.jpg","contentUrl":"https:\/\/anka.ba\/wp-content\/uploads\/2026\/04\/BANNER-MOB-5.jpg","width":760,"height":420,"caption":"Online shop elektronika, mobilna i gaming oprema BiH"},"image":{"@id":"https:\/\/anka.ba\/#\/schema\/logo\/image\/"},"sameAs":["https:\/\/www.facebook.com\/platoon.ba"]}]},"product_price_amount":"39.00","product_price_currency":"BAM","og_availability":"instock","product_availability":"instock","product_retailer_item_id":"136313","product_condition":"new"},"_links":{"self":[{"href":"https:\/\/anka.ba\/wp-json\/wp\/v2\/product\/1417","targetHints":{"allow":["GET"]}}],"collection":[{"href":"https:\/\/anka.ba\/wp-json\/wp\/v2\/product"}],"about":[{"href":"https:\/\/anka.ba\/wp-json\/wp\/v2\/types\/product"}],"replies":[{"embeddable":true,"href":"https:\/\/anka.ba\/wp-json\/wp\/v2\/comments?post=1417"}],"version-history":[{"count":1,"href":"https:\/\/anka.ba\/wp-json\/wp\/v2\/product\/1417\/revisions"}],"predecessor-version":[{"id":21515,"href":"https:\/\/anka.ba\/wp-json\/wp\/v2\/product\/1417\/revisions\/21515"}],"wp:featuredmedia":[{"embeddable":true,"href":"https:\/\/anka.ba\/wp-json\/wp\/v2\/media\/1449"}],"wp:attachment":[{"href":"https:\/\/anka.ba\/wp-json\/wp\/v2\/media?parent=1417"}],"wp:term":[{"taxonomy":"product_brand","embeddable":true,"href":"https:\/\/anka.ba\/wp-json\/wp\/v2\/product_brand?post=1417"},{"taxonomy":"product_cat","embeddable":true,"href":"https:\/\/anka.ba\/wp-json\/wp\/v2\/product_cat?post=1417"},{"taxonomy":"product_tag","embeddable":true,"href":"https:\/\/anka.ba\/wp-json\/wp\/v2\/product_tag?post=1417"}],"curies":[{"name":"wp","href":"https:\/\/api.w.org\/{rel}","templated":true}]}}