{"id":13155,"date":"2025-07-15T17:03:24","date_gmt":"2025-07-15T17:03:24","guid":{"rendered":"https:\/\/anka.ba\/?post_type=product&#038;p=13155"},"modified":"2026-03-22T00:01:50","modified_gmt":"2026-03-21T23:01:50","slug":"cf8-klipni-aparat-za-brijanje-sa-dvostorukom-glavom-xo","status":"publish","type":"product","link":"https:\/\/anka.ba\/proizvod\/cf8-klipni-aparat-za-brijanje-sa-dvostorukom-glavom-xo\/","title":{"rendered":"CF8 KLIPNI APARAT ZA BRIJANJE SA DVOSTORUKOM GLAVOM XO"},"content":{"rendered":"<section><strong>Osvje\u017eite svaki trenutak brijanja uz XO CF8<\/strong>, inovativni brija\u010d s dvostrukom glavom. Pru\u017ea besprijekorno brijanje zahvaljuju\u0107i najnovijoj ComfortCut tehnologiji, trajnoj bateriji i elegantnom dizajnu.<strong>Tehni\u010dke specifikacije<\/strong>Ulaz: TYPE-C<br \/>\nUlazni napon\/struja: 5V\/1A<br \/>\nMotor: 150SH-2397 DC3.7V, Brzina 8000<br \/>\nMaterijal: ABS+POM<br \/>\nKapacitet baterije: 600mAh<br \/>\nGlava no\u017ea: Reciprociraju\u0107a dvostruka o\u0161trica<br \/>\nTe\u017eina proizvoda: 74g<strong>ComfortCut za nje\u017eno brijanje<\/strong>Svaki potez s XO CF8 pru\u017ea besprijekorno brijanje, osiguravaju\u0107i svje\u017e izgled svaki put.<strong>Tri fleksibilne o\u0161trice od nehr\u0111aju\u0107eg \u010delika<\/strong><\/p>\n<p>XO CF8 ne samo da izbjegava iritacije, ve\u0107 i pru\u017ea savr\u0161eno podrezivanje bez ikakvih ogrebotina.<\/p>\n<p><strong>Dugotrajna baterija i brzo punjenje<\/strong><\/p>\n<p>Trajanje baterije do 3 sata omogu\u0107ava dugotrajno kori\u0161tenje, dok brzo punjenje za samo 1.5 sati osigurava da je XO CF8 uvijek spreman za akciju.<\/p>\n<p><strong>IPX6 vodootpornost<\/strong><\/p>\n<p>Bez obzira jeste li pod tu\u0161em ili \u017eelite brzo i jednostavno \u010di\u0161\u0107enje, XO CF8 je spreman za sve uvjete.<\/p>\n<p><strong>Jednostavna upotreba sa svjetlosnim zaklju\u010dkom<\/strong><\/p>\n<p>Pomo\u0107u jednostavnog dugog pritiska na bijelo svjetlo, aktivirajte svjetlosni zaklju\u010dak i otklju\u010dajte operaciju brzo i jednostavno.<\/p>\n<\/section>\n","protected":false},"excerpt":{"rendered":"<p>Osvje\u017eite svaki trenutak brijanja uz XO CF8, inovativni brija\u010d s dvostrukom glavom. Pru\u017ea besprijekorno brijanje zahvaljuju\u0107i najnovijoj ComfortCut tehnologiji, trajnoj<\/p>\n","protected":false},"featured_media":13211,"comment_status":"open","ping_status":"closed","template":"","meta":{"rs_blank_template":"","rs_page_bg_color":"","slide_template_v7":""},"product_brand":[166],"product_cat":[1030,267],"product_tag":[1048],"class_list":{"0":"post-13155","1":"product","2":"type-product","3":"status-publish","4":"has-post-thumbnail","6":"product_brand-xo","7":"product_cat-aparati-za-brijanje-i-sisanje","8":"product_cat-kucanski-proizvodi","9":"product_tag-cf8","11":"first","12":"instock","13":"purchasable","14":"product-type-simple"},"yoast_head":"<!-- This site is optimized with the Yoast SEO Premium plugin v27.3 (Yoast SEO v27.4) - https:\/\/yoast.com\/product\/yoast-seo-premium-wordpress\/ -->\n<title>CF8 KLIPNI APARAT ZA BRIJANJE SA DVOSTORUKOM GLAVOM XO - Online shop elektronika, mobilna i gaming oprema BiH<\/title>\n<meta name=\"robots\" content=\"index, follow, max-snippet:-1, max-image-preview:large, max-video-preview:-1\" \/>\n<link rel=\"canonical\" href=\"https:\/\/anka.ba\/proizvod\/cf8-klipni-aparat-za-brijanje-sa-dvostorukom-glavom-xo\/\" \/>\n<meta property=\"og:locale\" content=\"bs_BA\" \/>\n<meta property=\"og:type\" content=\"article\" \/>\n<meta property=\"og:title\" content=\"CF8 KLIPNI APARAT ZA BRIJANJE SA DVOSTORUKOM GLAVOM XO\" \/>\n<meta property=\"og:description\" content=\"Osvje\u017eite svaki trenutak brijanja uz XO CF8, inovativni brija\u010d s dvostrukom glavom. Pru\u017ea besprijekorno brijanje zahvaljuju\u0107i najnovijoj ComfortCut tehnologiji, trajnoj\" \/>\n<meta property=\"og:url\" content=\"https:\/\/anka.ba\/proizvod\/cf8-klipni-aparat-za-brijanje-sa-dvostorukom-glavom-xo\/\" \/>\n<meta property=\"og:site_name\" content=\"Online shop elektronika, mobilna i gaming oprema BiH\" \/>\n<meta property=\"article:publisher\" content=\"https:\/\/www.facebook.com\/platoon.ba\" \/>\n<meta property=\"article:modified_time\" content=\"2026-03-21T23:01:50+00:00\" \/>\n<meta property=\"og:image\" content=\"https:\/\/anka.ba\/wp-content\/uploads\/2025\/07\/137857-0.jpeg\" \/>\n\t<meta property=\"og:image:width\" content=\"900\" \/>\n\t<meta property=\"og:image:height\" content=\"900\" \/>\n\t<meta property=\"og:image:type\" content=\"image\/jpeg\" \/>\n<meta name=\"twitter:card\" content=\"summary_large_image\" \/>\n<meta name=\"twitter:label1\" content=\"Price\" \/>\n\t<meta name=\"twitter:data1\" content=\"45,00&nbsp;KM\" \/>\n\t<meta name=\"twitter:label2\" content=\"Availability\" \/>\n\t<meta name=\"twitter:data2\" content=\"In stock\" \/>\n<script type=\"application\/ld+json\" class=\"yoast-schema-graph\">{\"@context\":\"https:\\\/\\\/schema.org\",\"@graph\":[{\"@type\":\"WebPage\",\"@id\":\"https:\\\/\\\/anka.ba\\\/proizvod\\\/cf8-klipni-aparat-za-brijanje-sa-dvostorukom-glavom-xo\\\/\",\"url\":\"https:\\\/\\\/anka.ba\\\/proizvod\\\/cf8-klipni-aparat-za-brijanje-sa-dvostorukom-glavom-xo\\\/\",\"name\":\"CF8 KLIPNI APARAT ZA BRIJANJE SA DVOSTORUKOM GLAVOM XO - Online shop elektronika, mobilna i gaming oprema BiH\",\"isPartOf\":{\"@id\":\"https:\\\/\\\/anka.ba\\\/#website\"},\"primaryImageOfPage\":{\"@id\":\"https:\\\/\\\/anka.ba\\\/proizvod\\\/cf8-klipni-aparat-za-brijanje-sa-dvostorukom-glavom-xo\\\/#primaryimage\"},\"image\":{\"@id\":\"https:\\\/\\\/anka.ba\\\/proizvod\\\/cf8-klipni-aparat-za-brijanje-sa-dvostorukom-glavom-xo\\\/#primaryimage\"},\"thumbnailUrl\":\"https:\\\/\\\/anka.ba\\\/wp-content\\\/uploads\\\/2025\\\/07\\\/137857-0.jpeg\",\"datePublished\":\"2025-07-15T17:03:24+00:00\",\"dateModified\":\"2026-03-21T23:01:50+00:00\",\"breadcrumb\":{\"@id\":\"https:\\\/\\\/anka.ba\\\/proizvod\\\/cf8-klipni-aparat-za-brijanje-sa-dvostorukom-glavom-xo\\\/#breadcrumb\"},\"inLanguage\":\"bs-BA\",\"potentialAction\":[{\"@type\":\"ReadAction\",\"target\":[\"https:\\\/\\\/anka.ba\\\/proizvod\\\/cf8-klipni-aparat-za-brijanje-sa-dvostorukom-glavom-xo\\\/\"]}]},{\"@type\":\"ImageObject\",\"inLanguage\":\"bs-BA\",\"@id\":\"https:\\\/\\\/anka.ba\\\/proizvod\\\/cf8-klipni-aparat-za-brijanje-sa-dvostorukom-glavom-xo\\\/#primaryimage\",\"url\":\"https:\\\/\\\/anka.ba\\\/wp-content\\\/uploads\\\/2025\\\/07\\\/137857-0.jpeg\",\"contentUrl\":\"https:\\\/\\\/anka.ba\\\/wp-content\\\/uploads\\\/2025\\\/07\\\/137857-0.jpeg\",\"width\":900,\"height\":900},{\"@type\":\"BreadcrumbList\",\"@id\":\"https:\\\/\\\/anka.ba\\\/proizvod\\\/cf8-klipni-aparat-za-brijanje-sa-dvostorukom-glavom-xo\\\/#breadcrumb\",\"itemListElement\":[{\"@type\":\"ListItem\",\"position\":1,\"name\":\"Home\",\"item\":\"https:\\\/\\\/anka.ba\\\/\"},{\"@type\":\"ListItem\",\"position\":2,\"name\":\"Shop\",\"item\":\"https:\\\/\\\/anka.ba\\\/shop\\\/\"},{\"@type\":\"ListItem\",\"position\":3,\"name\":\"CF8 KLIPNI APARAT ZA BRIJANJE SA DVOSTORUKOM GLAVOM XO\"}]},{\"@type\":\"WebSite\",\"@id\":\"https:\\\/\\\/anka.ba\\\/#website\",\"url\":\"https:\\\/\\\/anka.ba\\\/\",\"name\":\"Online shop elektronika, mobilna i gaming oprema BiH\",\"description\":\"Va\u0161a online trgovina elektronikom i gadgetima\",\"publisher\":{\"@id\":\"https:\\\/\\\/anka.ba\\\/#organization\"},\"potentialAction\":[{\"@type\":\"SearchAction\",\"target\":{\"@type\":\"EntryPoint\",\"urlTemplate\":\"https:\\\/\\\/anka.ba\\\/?s={search_term_string}\"},\"query-input\":{\"@type\":\"PropertyValueSpecification\",\"valueRequired\":true,\"valueName\":\"search_term_string\"}}],\"inLanguage\":\"bs-BA\"},{\"@type\":\"Organization\",\"@id\":\"https:\\\/\\\/anka.ba\\\/#organization\",\"name\":\"Online shop elektronika, mobilna i gaming oprema BiH\",\"url\":\"https:\\\/\\\/anka.ba\\\/\",\"logo\":{\"@type\":\"ImageObject\",\"inLanguage\":\"bs-BA\",\"@id\":\"https:\\\/\\\/anka.ba\\\/#\\\/schema\\\/logo\\\/image\\\/\",\"url\":\"https:\\\/\\\/anka.ba\\\/wp-content\\\/uploads\\\/2026\\\/04\\\/BANNER-MOB-5.jpg\",\"contentUrl\":\"https:\\\/\\\/anka.ba\\\/wp-content\\\/uploads\\\/2026\\\/04\\\/BANNER-MOB-5.jpg\",\"width\":760,\"height\":420,\"caption\":\"Online shop elektronika, mobilna i gaming oprema BiH\"},\"image\":{\"@id\":\"https:\\\/\\\/anka.ba\\\/#\\\/schema\\\/logo\\\/image\\\/\"},\"sameAs\":[\"https:\\\/\\\/www.facebook.com\\\/platoon.ba\"]}]}<\/script>\n<meta property=\"product:price:amount\" content=\"45.00\" \/>\n<meta property=\"product:price:currency\" content=\"BAM\" \/>\n<meta property=\"og:availability\" content=\"instock\" \/>\n<meta property=\"product:availability\" content=\"instock\" \/>\n<meta property=\"product:retailer_item_id\" content=\"137857\" \/>\n<meta property=\"product:condition\" content=\"new\" \/>\n<!-- \/ Yoast SEO Premium plugin. -->","yoast_head_json":{"title":"CF8 KLIPNI APARAT ZA BRIJANJE SA DVOSTORUKOM GLAVOM XO - Online shop elektronika, mobilna i gaming oprema BiH","robots":{"index":"index","follow":"follow","max-snippet":"max-snippet:-1","max-image-preview":"max-image-preview:large","max-video-preview":"max-video-preview:-1"},"canonical":"https:\/\/anka.ba\/proizvod\/cf8-klipni-aparat-za-brijanje-sa-dvostorukom-glavom-xo\/","og_locale":"bs_BA","og_type":"article","og_title":"CF8 KLIPNI APARAT ZA BRIJANJE SA DVOSTORUKOM GLAVOM XO","og_description":"Osvje\u017eite svaki trenutak brijanja uz XO CF8, inovativni brija\u010d s dvostrukom glavom. Pru\u017ea besprijekorno brijanje zahvaljuju\u0107i najnovijoj ComfortCut tehnologiji, trajnoj","og_url":"https:\/\/anka.ba\/proizvod\/cf8-klipni-aparat-za-brijanje-sa-dvostorukom-glavom-xo\/","og_site_name":"Online shop elektronika, mobilna i gaming oprema BiH","article_publisher":"https:\/\/www.facebook.com\/platoon.ba","article_modified_time":"2026-03-21T23:01:50+00:00","og_image":[{"width":900,"height":900,"url":"https:\/\/anka.ba\/wp-content\/uploads\/2025\/07\/137857-0.jpeg","type":"image\/jpeg"}],"twitter_card":"summary_large_image","twitter_misc":{"Price":"45,00&nbsp;KM","Availability":"In stock"},"schema":{"@context":"https:\/\/schema.org","@graph":[{"@type":"WebPage","@id":"https:\/\/anka.ba\/proizvod\/cf8-klipni-aparat-za-brijanje-sa-dvostorukom-glavom-xo\/","url":"https:\/\/anka.ba\/proizvod\/cf8-klipni-aparat-za-brijanje-sa-dvostorukom-glavom-xo\/","name":"CF8 KLIPNI APARAT ZA BRIJANJE SA DVOSTORUKOM GLAVOM XO - Online shop elektronika, mobilna i gaming oprema BiH","isPartOf":{"@id":"https:\/\/anka.ba\/#website"},"primaryImageOfPage":{"@id":"https:\/\/anka.ba\/proizvod\/cf8-klipni-aparat-za-brijanje-sa-dvostorukom-glavom-xo\/#primaryimage"},"image":{"@id":"https:\/\/anka.ba\/proizvod\/cf8-klipni-aparat-za-brijanje-sa-dvostorukom-glavom-xo\/#primaryimage"},"thumbnailUrl":"https:\/\/anka.ba\/wp-content\/uploads\/2025\/07\/137857-0.jpeg","datePublished":"2025-07-15T17:03:24+00:00","dateModified":"2026-03-21T23:01:50+00:00","breadcrumb":{"@id":"https:\/\/anka.ba\/proizvod\/cf8-klipni-aparat-za-brijanje-sa-dvostorukom-glavom-xo\/#breadcrumb"},"inLanguage":"bs-BA","potentialAction":[{"@type":"ReadAction","target":["https:\/\/anka.ba\/proizvod\/cf8-klipni-aparat-za-brijanje-sa-dvostorukom-glavom-xo\/"]}]},{"@type":"ImageObject","inLanguage":"bs-BA","@id":"https:\/\/anka.ba\/proizvod\/cf8-klipni-aparat-za-brijanje-sa-dvostorukom-glavom-xo\/#primaryimage","url":"https:\/\/anka.ba\/wp-content\/uploads\/2025\/07\/137857-0.jpeg","contentUrl":"https:\/\/anka.ba\/wp-content\/uploads\/2025\/07\/137857-0.jpeg","width":900,"height":900},{"@type":"BreadcrumbList","@id":"https:\/\/anka.ba\/proizvod\/cf8-klipni-aparat-za-brijanje-sa-dvostorukom-glavom-xo\/#breadcrumb","itemListElement":[{"@type":"ListItem","position":1,"name":"Home","item":"https:\/\/anka.ba\/"},{"@type":"ListItem","position":2,"name":"Shop","item":"https:\/\/anka.ba\/shop\/"},{"@type":"ListItem","position":3,"name":"CF8 KLIPNI APARAT ZA BRIJANJE SA DVOSTORUKOM GLAVOM XO"}]},{"@type":"WebSite","@id":"https:\/\/anka.ba\/#website","url":"https:\/\/anka.ba\/","name":"Online shop elektronika, mobilna i gaming oprema BiH","description":"Va\u0161a online trgovina elektronikom i gadgetima","publisher":{"@id":"https:\/\/anka.ba\/#organization"},"potentialAction":[{"@type":"SearchAction","target":{"@type":"EntryPoint","urlTemplate":"https:\/\/anka.ba\/?s={search_term_string}"},"query-input":{"@type":"PropertyValueSpecification","valueRequired":true,"valueName":"search_term_string"}}],"inLanguage":"bs-BA"},{"@type":"Organization","@id":"https:\/\/anka.ba\/#organization","name":"Online shop elektronika, mobilna i gaming oprema BiH","url":"https:\/\/anka.ba\/","logo":{"@type":"ImageObject","inLanguage":"bs-BA","@id":"https:\/\/anka.ba\/#\/schema\/logo\/image\/","url":"https:\/\/anka.ba\/wp-content\/uploads\/2026\/04\/BANNER-MOB-5.jpg","contentUrl":"https:\/\/anka.ba\/wp-content\/uploads\/2026\/04\/BANNER-MOB-5.jpg","width":760,"height":420,"caption":"Online shop elektronika, mobilna i gaming oprema BiH"},"image":{"@id":"https:\/\/anka.ba\/#\/schema\/logo\/image\/"},"sameAs":["https:\/\/www.facebook.com\/platoon.ba"]}]},"product_price_amount":"45.00","product_price_currency":"BAM","og_availability":"instock","product_availability":"instock","product_retailer_item_id":"137857","product_condition":"new"},"_links":{"self":[{"href":"https:\/\/anka.ba\/wp-json\/wp\/v2\/product\/13155","targetHints":{"allow":["GET"]}}],"collection":[{"href":"https:\/\/anka.ba\/wp-json\/wp\/v2\/product"}],"about":[{"href":"https:\/\/anka.ba\/wp-json\/wp\/v2\/types\/product"}],"replies":[{"embeddable":true,"href":"https:\/\/anka.ba\/wp-json\/wp\/v2\/comments?post=13155"}],"version-history":[{"count":0,"href":"https:\/\/anka.ba\/wp-json\/wp\/v2\/product\/13155\/revisions"}],"wp:featuredmedia":[{"embeddable":true,"href":"https:\/\/anka.ba\/wp-json\/wp\/v2\/media\/13211"}],"wp:attachment":[{"href":"https:\/\/anka.ba\/wp-json\/wp\/v2\/media?parent=13155"}],"wp:term":[{"taxonomy":"product_brand","embeddable":true,"href":"https:\/\/anka.ba\/wp-json\/wp\/v2\/product_brand?post=13155"},{"taxonomy":"product_cat","embeddable":true,"href":"https:\/\/anka.ba\/wp-json\/wp\/v2\/product_cat?post=13155"},{"taxonomy":"product_tag","embeddable":true,"href":"https:\/\/anka.ba\/wp-json\/wp\/v2\/product_tag?post=13155"}],"curies":[{"name":"wp","href":"https:\/\/api.w.org\/{rel}","templated":true}]}}