{"id":19,"date":"2025-01-14T12:02:05","date_gmt":"2025-01-14T12:02:05","guid":{"rendered":"https:\/\/dummy.xtemos.com\/woodmart2\/marketplace2-elementor\/?page_id=19"},"modified":"2025-09-16T22:20:08","modified_gmt":"2025-09-16T20:20:08","slug":"o-nama","status":"publish","type":"page","link":"https:\/\/anka.ba\/o-nama\/","title":{"rendered":"O Nama"},"content":{"rendered":"\t\t<div data-elementor-type=\"wp-page\" data-elementor-id=\"19\" class=\"elementor elementor-19\" data-elementor-post-type=\"page\">\n\t\t\t\t<div class=\"elementor-element elementor-element-d5e289e e-con-full e-flex e-con e-parent\" data-id=\"d5e289e\" data-element_type=\"container\" data-e-type=\"container\">\n\t\t<div class=\"wd-negative-gap elementor-element elementor-element-3756203 e-flex e-con-boxed e-con e-child\" data-id=\"3756203\" data-element_type=\"container\" data-e-type=\"container\">\n\t\t\t\t\t<div class=\"e-con-inner\">\n\t\t\t\t<div class=\"elementor-element elementor-element-e24747a wd-el-page-heading text-left elementor-widget elementor-widget-wd_page_heading\" data-id=\"e24747a\" data-element_type=\"widget\" data-e-type=\"widget\" data-widget_type=\"wd_page_heading.default\">\n\t\t\t\t<div class=\"elementor-widget-container\">\n\t\t\t\t\t<h1 class=\"entry-title title\">O Nama<\/h1>\t\t\t\t<\/div>\n\t\t\t\t<\/div>\n\t\t\t\t<div class=\"elementor-element elementor-element-f088b85 elementor-widget elementor-widget-wd_text_block\" data-id=\"f088b85\" data-element_type=\"widget\" data-e-type=\"widget\" data-widget_type=\"wd_text_block.default\">\n\t\t\t\t<div class=\"elementor-widget-container\">\n\t\t\t\t\t\t\t<div class=\"wd-text-block reset-last-child text-left\">\n\t\t\t\n\t\t\t<p>Kompanija <strong>AN-KA d.o.o.<\/strong> osnovana je 2002. godine. Zahvaljuju\u0107i dugogodi\u0161njoj tradiciji, kontinuiranom razvoju i u\u010denju, te \u010dvrstim odnosima s na\u0161im kupcima i okru\u017eenjem, uspjeli smo zauzeti i odr\u017eati lidersku poziciju u na\u0161oj industriji vi\u0161e od dvije decenije!<\/p><p>Na\u0161a misija je pru\u017eiti vrhunsku opremu i proizvode na\u0161im kupcima. Svojim proizvodima \u017eelimo unaprijediti njihovo iskustvo i zadovoljiti njihove potrebe. Kontinuirano se usavr\u0161avamo, pratimo najnovije trendove i inovacije kako bismo osigurali da na\u0161i kupci imaju pristup najboljim proizvodima na tr\u017ei\u0161tu.<\/p><p>Na\u0161a vizija je ostati vode\u0107a kompanija u industriji mobilne opreme i pru\u017eiti vrhunsku uslugu na\u0161im kupcima. \u017delimo biti prepoznati kao pouzdan i stru\u010dan partner koji prati tehnolo\u0161ke promjene i pru\u017ea inovativna rje\u0161enja. Nastojimo pro\u0161iriti na\u0161u ponudu i osvojiti nova tr\u017ei\u0161ta, uvijek prate\u0107i potrebe i zahtjeve na\u0161ih kupaca.<\/p><p><strong>Adresa:<\/strong> Safeta Zajke 131B, 71000 Sarajevo<br \/><strong>Telefon:<\/strong> +387 61 783 317<br \/><strong>E-mail:<\/strong> <a href=\"mailto:infoanka@platoon.ba\">infoanka@platoon.ba<\/a><\/p><p><strong>AN-KA d.o.o.<\/strong> se bavi nabavkom i prodajom raznovrsne opreme za mobilne telefone i gaming opreme. Na\u0161a ponuda obuhvata:<\/p><ul><li>Opremu za mobitele, laptope i tablete<\/li><li>Opremu za ra\u010dunare<\/li><li>Video nadzor i alarmne sisteme<\/li><li>Opremu za automobile<\/li><li>Elektronske cigare<\/li><li>LED rasvjetu<\/li><li>Bluetooth ure\u0111aje<\/li><li>Pametne satove<\/li><li>Bluetooth mikrofone<\/li><li>Bluetooth slu\u0161alice<\/li><li>Zvu\u010dnike<\/li><li>Transmitere<\/li><li>Mobilnu opremu<\/li><li>Dr\u017ea\u010de<\/li><li>Memorijske kartice<\/li><li>Slu\u0161alice<\/li><li>Baterije<\/li><li>Adaptere<\/li><li>Narukvice za satove<\/li><li>Tripod i ring opremu<\/li><li>Wi-Fi rje\u0161enja<\/li><li>Gaming opremu (mi\u0161evi, tastature, gaming slu\u0161alice, podloge za mi\u0161, combo paketi, stolice, d\u017eojstici)<\/li><li>Punja\u010de (ku\u0107ne, auto, eksterne, za laptop)<\/li><li>Kablovi<\/li><li>Futrole (silikonske, flip)<\/li><li>Staklene za\u0161tite (staklene, staklo za kameru)<\/li><li>Dodatke (aparati za kafu, pametne case, usisiva\u010di, alat, projektori, razni ku\u0107anski proizvodi)<\/li><\/ul><p>Hvala vam \u0161to ste odabrali AN-KA d.o.o. kao svog partnera!<\/p>\n\t\t\t\t\t<\/div>\n\t\t\t\t\t\t<\/div>\n\t\t\t\t<\/div>\n\t\t\t\t\t<\/div>\n\t\t\t\t<\/div>\n\t\t\t\t<\/div>\n\t\t\t\t<\/div>\n\t\t","protected":false},"excerpt":{"rendered":"<p>O Nama Kompanija AN-KA d.o.o. osnovana je 2002. godine. Zahvaljuju\u0107i dugogodi\u0161njoj tradiciji, kontinuiranom razvoju i u\u010denju, te \u010dvrstim odnosima s<\/p>\n","protected":false},"author":1,"featured_media":0,"parent":0,"menu_order":0,"comment_status":"closed","ping_status":"closed","template":"","meta":{"rs_blank_template":"","rs_page_bg_color":"","slide_template_v7":"","footnotes":""},"class_list":["post-19","page","type-page","status-publish","hentry"],"yoast_head":"<!-- This site is optimized with the Yoast SEO Premium plugin v27.3 (Yoast SEO v27.4) - https:\/\/yoast.com\/product\/yoast-seo-premium-wordpress\/ -->\n<title>O Nama - Online shop elektronika, mobilna i gaming oprema BiH<\/title>\n<meta name=\"robots\" content=\"index, follow, max-snippet:-1, max-image-preview:large, max-video-preview:-1\" \/>\n<link rel=\"canonical\" href=\"https:\/\/anka.ba\/o-nama\/\" \/>\n<meta property=\"og:locale\" content=\"bs_BA\" \/>\n<meta property=\"og:type\" content=\"article\" \/>\n<meta property=\"og:title\" content=\"O Nama\" \/>\n<meta property=\"og:description\" content=\"O Nama Kompanija AN-KA d.o.o. osnovana je 2002. godine. Zahvaljuju\u0107i dugogodi\u0161njoj tradiciji, kontinuiranom razvoju i u\u010denju, te \u010dvrstim odnosima s\" \/>\n<meta property=\"og:url\" content=\"https:\/\/anka.ba\/o-nama\/\" \/>\n<meta property=\"og:site_name\" content=\"Online shop elektronika, mobilna i gaming oprema BiH\" \/>\n<meta property=\"article:publisher\" content=\"https:\/\/www.facebook.com\/platoon.ba\" \/>\n<meta property=\"article:modified_time\" content=\"2025-09-16T20:20:08+00:00\" \/>\n<meta name=\"twitter:card\" content=\"summary_large_image\" \/>\n<meta name=\"twitter:label1\" content=\"Est. reading time\" \/>\n\t<meta name=\"twitter:data1\" content=\"1 minuta\" \/>\n<script type=\"application\/ld+json\" class=\"yoast-schema-graph\">{\"@context\":\"https:\\\/\\\/schema.org\",\"@graph\":[{\"@type\":\"WebPage\",\"@id\":\"https:\\\/\\\/anka.ba\\\/o-nama\\\/\",\"url\":\"https:\\\/\\\/anka.ba\\\/o-nama\\\/\",\"name\":\"O Nama - Online shop elektronika, mobilna i gaming oprema BiH\",\"isPartOf\":{\"@id\":\"https:\\\/\\\/anka.ba\\\/#website\"},\"datePublished\":\"2025-01-14T12:02:05+00:00\",\"dateModified\":\"2025-09-16T20:20:08+00:00\",\"breadcrumb\":{\"@id\":\"https:\\\/\\\/anka.ba\\\/o-nama\\\/#breadcrumb\"},\"inLanguage\":\"bs-BA\",\"potentialAction\":[{\"@type\":\"ReadAction\",\"target\":[\"https:\\\/\\\/anka.ba\\\/o-nama\\\/\"]}]},{\"@type\":\"BreadcrumbList\",\"@id\":\"https:\\\/\\\/anka.ba\\\/o-nama\\\/#breadcrumb\",\"itemListElement\":[{\"@type\":\"ListItem\",\"position\":1,\"name\":\"Home\",\"item\":\"https:\\\/\\\/anka.ba\\\/\"},{\"@type\":\"ListItem\",\"position\":2,\"name\":\"O Nama\"}]},{\"@type\":\"WebSite\",\"@id\":\"https:\\\/\\\/anka.ba\\\/#website\",\"url\":\"https:\\\/\\\/anka.ba\\\/\",\"name\":\"Online shop elektronika, mobilna i gaming oprema BiH\",\"description\":\"Va\u0161a online trgovina elektronikom i gadgetima\",\"publisher\":{\"@id\":\"https:\\\/\\\/anka.ba\\\/#organization\"},\"potentialAction\":[{\"@type\":\"SearchAction\",\"target\":{\"@type\":\"EntryPoint\",\"urlTemplate\":\"https:\\\/\\\/anka.ba\\\/?s={search_term_string}\"},\"query-input\":{\"@type\":\"PropertyValueSpecification\",\"valueRequired\":true,\"valueName\":\"search_term_string\"}}],\"inLanguage\":\"bs-BA\"},{\"@type\":\"Organization\",\"@id\":\"https:\\\/\\\/anka.ba\\\/#organization\",\"name\":\"Online shop elektronika, mobilna i gaming oprema BiH\",\"url\":\"https:\\\/\\\/anka.ba\\\/\",\"logo\":{\"@type\":\"ImageObject\",\"inLanguage\":\"bs-BA\",\"@id\":\"https:\\\/\\\/anka.ba\\\/#\\\/schema\\\/logo\\\/image\\\/\",\"url\":\"https:\\\/\\\/anka.ba\\\/wp-content\\\/uploads\\\/2026\\\/04\\\/BANNER-MOB-5.jpg\",\"contentUrl\":\"https:\\\/\\\/anka.ba\\\/wp-content\\\/uploads\\\/2026\\\/04\\\/BANNER-MOB-5.jpg\",\"width\":760,\"height\":420,\"caption\":\"Online shop elektronika, mobilna i gaming oprema BiH\"},\"image\":{\"@id\":\"https:\\\/\\\/anka.ba\\\/#\\\/schema\\\/logo\\\/image\\\/\"},\"sameAs\":[\"https:\\\/\\\/www.facebook.com\\\/platoon.ba\"]}]}<\/script>\n<!-- \/ Yoast SEO Premium plugin. -->","yoast_head_json":{"title":"O Nama - Online shop elektronika, mobilna i gaming oprema BiH","robots":{"index":"index","follow":"follow","max-snippet":"max-snippet:-1","max-image-preview":"max-image-preview:large","max-video-preview":"max-video-preview:-1"},"canonical":"https:\/\/anka.ba\/o-nama\/","og_locale":"bs_BA","og_type":"article","og_title":"O Nama","og_description":"O Nama Kompanija AN-KA d.o.o. osnovana je 2002. godine. Zahvaljuju\u0107i dugogodi\u0161njoj tradiciji, kontinuiranom razvoju i u\u010denju, te \u010dvrstim odnosima s","og_url":"https:\/\/anka.ba\/o-nama\/","og_site_name":"Online shop elektronika, mobilna i gaming oprema BiH","article_publisher":"https:\/\/www.facebook.com\/platoon.ba","article_modified_time":"2025-09-16T20:20:08+00:00","twitter_card":"summary_large_image","twitter_misc":{"Est. reading time":"1 minuta"},"schema":{"@context":"https:\/\/schema.org","@graph":[{"@type":"WebPage","@id":"https:\/\/anka.ba\/o-nama\/","url":"https:\/\/anka.ba\/o-nama\/","name":"O Nama - Online shop elektronika, mobilna i gaming oprema BiH","isPartOf":{"@id":"https:\/\/anka.ba\/#website"},"datePublished":"2025-01-14T12:02:05+00:00","dateModified":"2025-09-16T20:20:08+00:00","breadcrumb":{"@id":"https:\/\/anka.ba\/o-nama\/#breadcrumb"},"inLanguage":"bs-BA","potentialAction":[{"@type":"ReadAction","target":["https:\/\/anka.ba\/o-nama\/"]}]},{"@type":"BreadcrumbList","@id":"https:\/\/anka.ba\/o-nama\/#breadcrumb","itemListElement":[{"@type":"ListItem","position":1,"name":"Home","item":"https:\/\/anka.ba\/"},{"@type":"ListItem","position":2,"name":"O Nama"}]},{"@type":"WebSite","@id":"https:\/\/anka.ba\/#website","url":"https:\/\/anka.ba\/","name":"Online shop elektronika, mobilna i gaming oprema BiH","description":"Va\u0161a online trgovina elektronikom i gadgetima","publisher":{"@id":"https:\/\/anka.ba\/#organization"},"potentialAction":[{"@type":"SearchAction","target":{"@type":"EntryPoint","urlTemplate":"https:\/\/anka.ba\/?s={search_term_string}"},"query-input":{"@type":"PropertyValueSpecification","valueRequired":true,"valueName":"search_term_string"}}],"inLanguage":"bs-BA"},{"@type":"Organization","@id":"https:\/\/anka.ba\/#organization","name":"Online shop elektronika, mobilna i gaming oprema BiH","url":"https:\/\/anka.ba\/","logo":{"@type":"ImageObject","inLanguage":"bs-BA","@id":"https:\/\/anka.ba\/#\/schema\/logo\/image\/","url":"https:\/\/anka.ba\/wp-content\/uploads\/2026\/04\/BANNER-MOB-5.jpg","contentUrl":"https:\/\/anka.ba\/wp-content\/uploads\/2026\/04\/BANNER-MOB-5.jpg","width":760,"height":420,"caption":"Online shop elektronika, mobilna i gaming oprema BiH"},"image":{"@id":"https:\/\/anka.ba\/#\/schema\/logo\/image\/"},"sameAs":["https:\/\/www.facebook.com\/platoon.ba"]}]}},"_links":{"self":[{"href":"https:\/\/anka.ba\/wp-json\/wp\/v2\/pages\/19","targetHints":{"allow":["GET"]}}],"collection":[{"href":"https:\/\/anka.ba\/wp-json\/wp\/v2\/pages"}],"about":[{"href":"https:\/\/anka.ba\/wp-json\/wp\/v2\/types\/page"}],"author":[{"embeddable":true,"href":"https:\/\/anka.ba\/wp-json\/wp\/v2\/users\/1"}],"replies":[{"embeddable":true,"href":"https:\/\/anka.ba\/wp-json\/wp\/v2\/comments?post=19"}],"version-history":[{"count":0,"href":"https:\/\/anka.ba\/wp-json\/wp\/v2\/pages\/19\/revisions"}],"wp:attachment":[{"href":"https:\/\/anka.ba\/wp-json\/wp\/v2\/media?parent=19"}],"curies":[{"name":"wp","href":"https:\/\/api.w.org\/{rel}","templated":true}]}}