{"id":15785,"date":"2025-07-16T22:49:54","date_gmt":"2025-07-16T22:49:54","guid":{"rendered":"https:\/\/anka.ba\/?page_id=15785"},"modified":"2025-09-16T22:16:49","modified_gmt":"2025-09-16T20:16:49","slug":"newsletter","status":"publish","type":"page","link":"https:\/\/anka.ba\/newsletter\/","title":{"rendered":"Newsletter"},"content":{"rendered":"\t\t<div data-elementor-type=\"wp-page\" data-elementor-id=\"15785\" class=\"elementor elementor-15785\" data-elementor-post-type=\"page\">\n\t\t\t\t<div class=\"elementor-element elementor-element-d5e289e e-con-full e-flex e-con e-parent\" data-id=\"d5e289e\" data-element_type=\"container\" data-e-type=\"container\">\n\t\t<div class=\"elementor-element elementor-element-3756203 e-flex e-con-boxed e-con e-child\" data-id=\"3756203\" data-element_type=\"container\" data-e-type=\"container\">\n\t\t\t\t\t<div class=\"e-con-inner\">\n\t\t\t\t<div class=\"elementor-element elementor-element-e24747a wd-el-page-heading text-left elementor-widget elementor-widget-wd_page_heading\" data-id=\"e24747a\" data-element_type=\"widget\" data-e-type=\"widget\" data-widget_type=\"wd_page_heading.default\">\n\t\t\t\t<div class=\"elementor-widget-container\">\n\t\t\t\t\t<h1 class=\"entry-title title\">Newsletter<\/h1>\t\t\t\t<\/div>\n\t\t\t\t<\/div>\n\t\t\t\t<div class=\"elementor-element elementor-element-c54b5a1 wd-cf7 elementor-widget elementor-widget-wd_contact_form_7\" data-id=\"c54b5a1\" data-element_type=\"widget\" data-e-type=\"widget\" data-widget_type=\"wd_contact_form_7.default\">\n\t\t\t\t<div class=\"elementor-widget-container\">\n\t\t\t\t\t\n<div class=\"wpcf7 no-js\" id=\"wpcf7-f15781-o1\" lang=\"en-US\" dir=\"ltr\" data-wpcf7-id=\"15781\">\n<div class=\"screen-reader-response\"><p role=\"status\" aria-live=\"polite\" aria-atomic=\"true\"><\/p> <ul><\/ul><\/div>\n<form action=\"\/index.php?rest_route=%2Fwp%2Fv2%2Fpages%2F15785#wpcf7-f15781-o1\" method=\"post\" class=\"wpcf7-form init\" aria-label=\"Contact form\" novalidate=\"novalidate\" data-status=\"init\">\n<fieldset class=\"hidden-fields-container\"><input type=\"hidden\" name=\"_wpcf7\" value=\"15781\" \/><input type=\"hidden\" name=\"_wpcf7_version\" value=\"6.1.5\" \/><input type=\"hidden\" name=\"_wpcf7_locale\" value=\"en_US\" \/><input type=\"hidden\" name=\"_wpcf7_unit_tag\" value=\"wpcf7-f15781-o1\" \/><input type=\"hidden\" name=\"_wpcf7_container_post\" value=\"0\" \/><input type=\"hidden\" name=\"_wpcf7_posted_data_hash\" value=\"\" \/>\n<\/fieldset>\n<div class=\"em-row\">\n\t<div class=\"em-xs-12 em-md-12 em-col\">\n\t\t<p><span class=\"wpcf7-form-control-wrap\" data-name=\"question-email\"><input size=\"40\" maxlength=\"400\" class=\"wpcf7-form-control wpcf7-email wpcf7-validates-as-required wpcf7-text wpcf7-validates-as-email\" aria-required=\"true\" aria-invalid=\"false\" placeholder=\"Email*\" value=\"\" type=\"email\" name=\"question-email\" \/><\/span>\n\t\t<\/p>\n\t<\/div>\n\t<div class=\"em-xs-12 em-md-12 em-col\">\n\t\t<p><input class=\"wpcf7-form-control wpcf7-submit has-spinner\" type=\"submit\" value=\"Prijavite se\" \/>\n\t\t<\/p>\n\t<\/div>\n<\/div><div class=\"wpcf7-response-output\" aria-hidden=\"true\"><\/div>\n<\/form>\n<\/div>\n\t\t\t\t<\/div>\n\t\t\t\t<\/div>\n\t\t\t\t<div class=\"elementor-element elementor-element-f088b85 elementor-widget elementor-widget-wd_text_block\" data-id=\"f088b85\" data-element_type=\"widget\" data-e-type=\"widget\" data-widget_type=\"wd_text_block.default\">\n\t\t\t\t<div class=\"elementor-widget-container\">\n\t\t\t\t\t\t\t<div class=\"wd-text-block reset-last-child text-left\">\n\t\t\t\n\t\t\t<p>Sla\u017eem se da AN-KA d.o.o. koristi moje li\u010dne podatke iz ovog obrasca za direktni marketing (informisanje o novitetima i specijalnim ponudama) putem e-po\u0161te, redovne po\u0161te, SMS-a, MMS-a, push poruka. Podaci \u0107e biti obra\u0111eni u skladu s va\u017ee\u0107im zakonima koji reguli\u0161u oblast za\u0161tite podataka o li\u010dnosti.<\/p>\n\t\t\t\t\t<\/div>\n\t\t\t\t\t\t<\/div>\n\t\t\t\t<\/div>\n\t\t\t\t\t<\/div>\n\t\t\t\t<\/div>\n\t\t\t\t<\/div>\n\t\t\t\t<\/div>\n\t\t","protected":false},"excerpt":{"rendered":"<p>Newsletter Sla\u017eem se da AN-KA d.o.o. koristi moje li\u010dne podatke iz ovog obrasca za direktni marketing (informisanje o novitetima i<\/p>\n","protected":false},"author":1,"featured_media":0,"parent":0,"menu_order":0,"comment_status":"closed","ping_status":"closed","template":"","meta":{"rs_blank_template":"","rs_page_bg_color":"","slide_template_v7":"","footnotes":""},"class_list":["post-15785","page","type-page","status-publish","hentry"],"yoast_head":"<!-- This site is optimized with the Yoast SEO Premium plugin v27.3 (Yoast SEO v27.4) - https:\/\/yoast.com\/product\/yoast-seo-premium-wordpress\/ -->\n<title>Newsletter - Online shop elektronika, mobilna i gaming oprema BiH<\/title>\n<meta name=\"robots\" content=\"index, follow, max-snippet:-1, max-image-preview:large, max-video-preview:-1\" \/>\n<link rel=\"canonical\" href=\"https:\/\/anka.ba\/newsletter\/\" \/>\n<meta property=\"og:locale\" content=\"bs_BA\" \/>\n<meta property=\"og:type\" content=\"article\" \/>\n<meta property=\"og:title\" content=\"Newsletter\" \/>\n<meta property=\"og:description\" content=\"Newsletter Sla\u017eem se da AN-KA d.o.o. koristi moje li\u010dne podatke iz ovog obrasca za direktni marketing (informisanje o novitetima i\" \/>\n<meta property=\"og:url\" content=\"https:\/\/anka.ba\/newsletter\/\" \/>\n<meta property=\"og:site_name\" content=\"Online shop elektronika, mobilna i gaming oprema BiH\" \/>\n<meta property=\"article:publisher\" content=\"https:\/\/www.facebook.com\/platoon.ba\" \/>\n<meta property=\"article:modified_time\" content=\"2025-09-16T20:16:49+00:00\" \/>\n<meta name=\"twitter:card\" content=\"summary_large_image\" \/>\n<script type=\"application\/ld+json\" class=\"yoast-schema-graph\">{\"@context\":\"https:\\\/\\\/schema.org\",\"@graph\":[{\"@type\":\"WebPage\",\"@id\":\"https:\\\/\\\/anka.ba\\\/newsletter\\\/\",\"url\":\"https:\\\/\\\/anka.ba\\\/newsletter\\\/\",\"name\":\"Newsletter - Online shop elektronika, mobilna i gaming oprema BiH\",\"isPartOf\":{\"@id\":\"https:\\\/\\\/anka.ba\\\/#website\"},\"datePublished\":\"2025-07-16T22:49:54+00:00\",\"dateModified\":\"2025-09-16T20:16:49+00:00\",\"breadcrumb\":{\"@id\":\"https:\\\/\\\/anka.ba\\\/newsletter\\\/#breadcrumb\"},\"inLanguage\":\"bs-BA\",\"potentialAction\":[{\"@type\":\"ReadAction\",\"target\":[\"https:\\\/\\\/anka.ba\\\/newsletter\\\/\"]}]},{\"@type\":\"BreadcrumbList\",\"@id\":\"https:\\\/\\\/anka.ba\\\/newsletter\\\/#breadcrumb\",\"itemListElement\":[{\"@type\":\"ListItem\",\"position\":1,\"name\":\"Home\",\"item\":\"https:\\\/\\\/anka.ba\\\/\"},{\"@type\":\"ListItem\",\"position\":2,\"name\":\"Newsletter\"}]},{\"@type\":\"WebSite\",\"@id\":\"https:\\\/\\\/anka.ba\\\/#website\",\"url\":\"https:\\\/\\\/anka.ba\\\/\",\"name\":\"Online shop elektronika, mobilna i gaming oprema BiH\",\"description\":\"Va\u0161a online trgovina elektronikom i gadgetima\",\"publisher\":{\"@id\":\"https:\\\/\\\/anka.ba\\\/#organization\"},\"potentialAction\":[{\"@type\":\"SearchAction\",\"target\":{\"@type\":\"EntryPoint\",\"urlTemplate\":\"https:\\\/\\\/anka.ba\\\/?s={search_term_string}\"},\"query-input\":{\"@type\":\"PropertyValueSpecification\",\"valueRequired\":true,\"valueName\":\"search_term_string\"}}],\"inLanguage\":\"bs-BA\"},{\"@type\":\"Organization\",\"@id\":\"https:\\\/\\\/anka.ba\\\/#organization\",\"name\":\"Online shop elektronika, mobilna i gaming oprema BiH\",\"url\":\"https:\\\/\\\/anka.ba\\\/\",\"logo\":{\"@type\":\"ImageObject\",\"inLanguage\":\"bs-BA\",\"@id\":\"https:\\\/\\\/anka.ba\\\/#\\\/schema\\\/logo\\\/image\\\/\",\"url\":\"https:\\\/\\\/anka.ba\\\/wp-content\\\/uploads\\\/2026\\\/04\\\/BANNER-MOB-5.jpg\",\"contentUrl\":\"https:\\\/\\\/anka.ba\\\/wp-content\\\/uploads\\\/2026\\\/04\\\/BANNER-MOB-5.jpg\",\"width\":760,\"height\":420,\"caption\":\"Online shop elektronika, mobilna i gaming oprema BiH\"},\"image\":{\"@id\":\"https:\\\/\\\/anka.ba\\\/#\\\/schema\\\/logo\\\/image\\\/\"},\"sameAs\":[\"https:\\\/\\\/www.facebook.com\\\/platoon.ba\"]}]}<\/script>\n<!-- \/ Yoast SEO Premium plugin. -->","yoast_head_json":{"title":"Newsletter - Online shop elektronika, mobilna i gaming oprema BiH","robots":{"index":"index","follow":"follow","max-snippet":"max-snippet:-1","max-image-preview":"max-image-preview:large","max-video-preview":"max-video-preview:-1"},"canonical":"https:\/\/anka.ba\/newsletter\/","og_locale":"bs_BA","og_type":"article","og_title":"Newsletter","og_description":"Newsletter Sla\u017eem se da AN-KA d.o.o. koristi moje li\u010dne podatke iz ovog obrasca za direktni marketing (informisanje o novitetima i","og_url":"https:\/\/anka.ba\/newsletter\/","og_site_name":"Online shop elektronika, mobilna i gaming oprema BiH","article_publisher":"https:\/\/www.facebook.com\/platoon.ba","article_modified_time":"2025-09-16T20:16:49+00:00","twitter_card":"summary_large_image","schema":{"@context":"https:\/\/schema.org","@graph":[{"@type":"WebPage","@id":"https:\/\/anka.ba\/newsletter\/","url":"https:\/\/anka.ba\/newsletter\/","name":"Newsletter - Online shop elektronika, mobilna i gaming oprema BiH","isPartOf":{"@id":"https:\/\/anka.ba\/#website"},"datePublished":"2025-07-16T22:49:54+00:00","dateModified":"2025-09-16T20:16:49+00:00","breadcrumb":{"@id":"https:\/\/anka.ba\/newsletter\/#breadcrumb"},"inLanguage":"bs-BA","potentialAction":[{"@type":"ReadAction","target":["https:\/\/anka.ba\/newsletter\/"]}]},{"@type":"BreadcrumbList","@id":"https:\/\/anka.ba\/newsletter\/#breadcrumb","itemListElement":[{"@type":"ListItem","position":1,"name":"Home","item":"https:\/\/anka.ba\/"},{"@type":"ListItem","position":2,"name":"Newsletter"}]},{"@type":"WebSite","@id":"https:\/\/anka.ba\/#website","url":"https:\/\/anka.ba\/","name":"Online shop elektronika, mobilna i gaming oprema BiH","description":"Va\u0161a online trgovina elektronikom i gadgetima","publisher":{"@id":"https:\/\/anka.ba\/#organization"},"potentialAction":[{"@type":"SearchAction","target":{"@type":"EntryPoint","urlTemplate":"https:\/\/anka.ba\/?s={search_term_string}"},"query-input":{"@type":"PropertyValueSpecification","valueRequired":true,"valueName":"search_term_string"}}],"inLanguage":"bs-BA"},{"@type":"Organization","@id":"https:\/\/anka.ba\/#organization","name":"Online shop elektronika, mobilna i gaming oprema BiH","url":"https:\/\/anka.ba\/","logo":{"@type":"ImageObject","inLanguage":"bs-BA","@id":"https:\/\/anka.ba\/#\/schema\/logo\/image\/","url":"https:\/\/anka.ba\/wp-content\/uploads\/2026\/04\/BANNER-MOB-5.jpg","contentUrl":"https:\/\/anka.ba\/wp-content\/uploads\/2026\/04\/BANNER-MOB-5.jpg","width":760,"height":420,"caption":"Online shop elektronika, mobilna i gaming oprema BiH"},"image":{"@id":"https:\/\/anka.ba\/#\/schema\/logo\/image\/"},"sameAs":["https:\/\/www.facebook.com\/platoon.ba"]}]}},"_links":{"self":[{"href":"https:\/\/anka.ba\/wp-json\/wp\/v2\/pages\/15785","targetHints":{"allow":["GET"]}}],"collection":[{"href":"https:\/\/anka.ba\/wp-json\/wp\/v2\/pages"}],"about":[{"href":"https:\/\/anka.ba\/wp-json\/wp\/v2\/types\/page"}],"author":[{"embeddable":true,"href":"https:\/\/anka.ba\/wp-json\/wp\/v2\/users\/1"}],"replies":[{"embeddable":true,"href":"https:\/\/anka.ba\/wp-json\/wp\/v2\/comments?post=15785"}],"version-history":[{"count":0,"href":"https:\/\/anka.ba\/wp-json\/wp\/v2\/pages\/15785\/revisions"}],"wp:attachment":[{"href":"https:\/\/anka.ba\/wp-json\/wp\/v2\/media?parent=15785"}],"curies":[{"name":"wp","href":"https:\/\/api.w.org\/{rel}","templated":true}]}}